{"id":9,"date":"2025-12-09T22:13:56","date_gmt":"2025-12-09T22:13:56","guid":{"rendered":"https:\/\/dgs-venner.dk\/?page_id=9"},"modified":"2026-01-22T20:18:01","modified_gmt":"2026-01-22T20:18:01","slug":"kontakt","status":"publish","type":"page","link":"https:\/\/dgs-venner.dk\/?page_id=9","title":{"rendered":"Kontakt"},"content":{"rendered":"\n<p><strong>Bestyrelsen best\u00e5r af:<\/strong><\/p>\n\n\n\n<p>S\u00f8ren Juul Dalsted, formand<\/p>\n\n\n\n<p>Catrine S. Byrne<\/p>\n\n\n\n<p>Sonia Coriani<\/p>\n\n\n\n<p>Rasmus Trock Kinnerup<\/p>\n\n\n\n<p>Christina Bastius Thomsen&nbsp;<\/p>\n\n\n\n<p><\/p>\n\n\n\n<p>Kig forbi<\/p>\n\n\n\n<p>Formand S\u00f8ren Juul Dalsted<\/p>\n\n\n\n<p>Pr\u00e6stev\u00e6nget 12<\/p>\n\n\n\n<p>eller skriv p\u00e5<\/p>\n\n\n\n<h3 class=\"wp-block-heading\">sdalsted@hotmail.com<\/h3>\n\n\n\n<h3 class=\"wp-block-heading\"><strong>info@dgs-venner.dk<\/strong><\/h3>\n","protected":false},"excerpt":{"rendered":"<p>Bestyrelsen best\u00e5r af: S\u00f8ren Juul Dalsted, formand Catrine S. Byrne Sonia Coriani Rasmus Trock Kinnerup Christina Bastius Thomsen&nbsp; Kig forbi Formand S\u00f8ren Juul Dalsted Pr\u00e6stev\u00e6nget 12 eller skriv p\u00e5 sdalsted@hotmail.com info@dgs-venner.dk<\/p>\n","protected":false},"author":1,"featured_media":0,"parent":0,"menu_order":0,"comment_status":"closed","ping_status":"closed","template":"","meta":{"_themeisle_gutenberg_block_has_review":false,"_kadence_starter_templates_imported_post":false,"footnotes":""},"class_list":["post-9","page","type-page","status-publish","hentry"],"yoast_head":"<!-- This site is optimized with the Yoast SEO plugin v27.3 - https:\/\/yoast.com\/product\/yoast-seo-wordpress\/ -->\n<title>Kontakt - Den Gamle Skoles Venner<\/title>\n<meta name=\"robots\" content=\"index, follow, max-snippet:-1, max-image-preview:large, max-video-preview:-1\" \/>\n<link rel=\"canonical\" href=\"https:\/\/dgs-venner.dk\/?page_id=9\" \/>\n<meta property=\"og:locale\" content=\"da_DK\" \/>\n<meta property=\"og:type\" content=\"article\" \/>\n<meta property=\"og:title\" content=\"Kontakt - Den Gamle Skoles Venner\" \/>\n<meta property=\"og:description\" content=\"Bestyrelsen best\u00e5r af: S\u00f8ren Juul Dalsted, formand Catrine S. Byrne Sonia Coriani Rasmus Trock Kinnerup Christina Bastius Thomsen&nbsp; Kig forbi Formand S\u00f8ren Juul Dalsted Pr\u00e6stev\u00e6nget 12 eller skriv p\u00e5 sdalsted@hotmail.com info@dgs-venner.dk\" \/>\n<meta property=\"og:url\" content=\"https:\/\/dgs-venner.dk\/?page_id=9\" \/>\n<meta property=\"og:site_name\" content=\"Den Gamle Skoles Venner\" \/>\n<meta property=\"article:modified_time\" content=\"2026-01-22T20:18:01+00:00\" \/>\n<meta name=\"twitter:card\" content=\"summary_large_image\" \/>\n<meta name=\"twitter:label1\" content=\"Estimeret l\u00e6setid\" \/>\n\t<meta name=\"twitter:data1\" content=\"1 minut\" \/>\n<script type=\"application\/ld+json\" class=\"yoast-schema-graph\">{\"@context\":\"https:\\\/\\\/schema.org\",\"@graph\":[{\"@type\":\"WebPage\",\"@id\":\"https:\\\/\\\/dgs-venner.dk\\\/?page_id=9\",\"url\":\"https:\\\/\\\/dgs-venner.dk\\\/?page_id=9\",\"name\":\"Kontakt - Den Gamle Skoles Venner\",\"isPartOf\":{\"@id\":\"https:\\\/\\\/dgs-venner.dk\\\/#website\"},\"datePublished\":\"2025-12-09T22:13:56+00:00\",\"dateModified\":\"2026-01-22T20:18:01+00:00\",\"breadcrumb\":{\"@id\":\"https:\\\/\\\/dgs-venner.dk\\\/?page_id=9#breadcrumb\"},\"inLanguage\":\"da-DK\",\"potentialAction\":[{\"@type\":\"ReadAction\",\"target\":[\"https:\\\/\\\/dgs-venner.dk\\\/?page_id=9\"]}]},{\"@type\":\"BreadcrumbList\",\"@id\":\"https:\\\/\\\/dgs-venner.dk\\\/?page_id=9#breadcrumb\",\"itemListElement\":[{\"@type\":\"ListItem\",\"position\":1,\"name\":\"Hjem\",\"item\":\"https:\\\/\\\/dgs-venner.dk\\\/\"},{\"@type\":\"ListItem\",\"position\":2,\"name\":\"Kontakt\"}]},{\"@type\":\"WebSite\",\"@id\":\"https:\\\/\\\/dgs-venner.dk\\\/#website\",\"url\":\"https:\\\/\\\/dgs-venner.dk\\\/\",\"name\":\"Den Gamle Skoles Venner\",\"description\":\"Et samlingspunkt for Kirke V\u00e6rl\u00f8ses beboere\",\"publisher\":{\"@id\":\"https:\\\/\\\/dgs-venner.dk\\\/#organization\"},\"potentialAction\":[{\"@type\":\"SearchAction\",\"target\":{\"@type\":\"EntryPoint\",\"urlTemplate\":\"https:\\\/\\\/dgs-venner.dk\\\/?s={search_term_string}\"},\"query-input\":{\"@type\":\"PropertyValueSpecification\",\"valueRequired\":true,\"valueName\":\"search_term_string\"}}],\"inLanguage\":\"da-DK\"},{\"@type\":\"Organization\",\"@id\":\"https:\\\/\\\/dgs-venner.dk\\\/#organization\",\"name\":\"Den Gamle Skoles Venner\",\"url\":\"https:\\\/\\\/dgs-venner.dk\\\/\",\"logo\":{\"@type\":\"ImageObject\",\"inLanguage\":\"da-DK\",\"@id\":\"https:\\\/\\\/dgs-venner.dk\\\/#\\\/schema\\\/logo\\\/image\\\/\",\"url\":\"https:\\\/\\\/dgs-venner.dk\\\/wp-content\\\/uploads\\\/2026\\\/01\\\/cropped-DGS-logo-1.png\",\"contentUrl\":\"https:\\\/\\\/dgs-venner.dk\\\/wp-content\\\/uploads\\\/2026\\\/01\\\/cropped-DGS-logo-1.png\",\"width\":512,\"height\":512,\"caption\":\"Den Gamle Skoles Venner\"},\"image\":{\"@id\":\"https:\\\/\\\/dgs-venner.dk\\\/#\\\/schema\\\/logo\\\/image\\\/\"}}]}<\/script>\n<!-- \/ Yoast SEO plugin. -->","yoast_head_json":{"title":"Kontakt - Den Gamle Skoles Venner","robots":{"index":"index","follow":"follow","max-snippet":"max-snippet:-1","max-image-preview":"max-image-preview:large","max-video-preview":"max-video-preview:-1"},"canonical":"https:\/\/dgs-venner.dk\/?page_id=9","og_locale":"da_DK","og_type":"article","og_title":"Kontakt - Den Gamle Skoles Venner","og_description":"Bestyrelsen best\u00e5r af: S\u00f8ren Juul Dalsted, formand Catrine S. Byrne Sonia Coriani Rasmus Trock Kinnerup Christina Bastius Thomsen&nbsp; Kig forbi Formand S\u00f8ren Juul Dalsted Pr\u00e6stev\u00e6nget 12 eller skriv p\u00e5 sdalsted@hotmail.com info@dgs-venner.dk","og_url":"https:\/\/dgs-venner.dk\/?page_id=9","og_site_name":"Den Gamle Skoles Venner","article_modified_time":"2026-01-22T20:18:01+00:00","twitter_card":"summary_large_image","twitter_misc":{"Estimeret l\u00e6setid":"1 minut"},"schema":{"@context":"https:\/\/schema.org","@graph":[{"@type":"WebPage","@id":"https:\/\/dgs-venner.dk\/?page_id=9","url":"https:\/\/dgs-venner.dk\/?page_id=9","name":"Kontakt - Den Gamle Skoles Venner","isPartOf":{"@id":"https:\/\/dgs-venner.dk\/#website"},"datePublished":"2025-12-09T22:13:56+00:00","dateModified":"2026-01-22T20:18:01+00:00","breadcrumb":{"@id":"https:\/\/dgs-venner.dk\/?page_id=9#breadcrumb"},"inLanguage":"da-DK","potentialAction":[{"@type":"ReadAction","target":["https:\/\/dgs-venner.dk\/?page_id=9"]}]},{"@type":"BreadcrumbList","@id":"https:\/\/dgs-venner.dk\/?page_id=9#breadcrumb","itemListElement":[{"@type":"ListItem","position":1,"name":"Hjem","item":"https:\/\/dgs-venner.dk\/"},{"@type":"ListItem","position":2,"name":"Kontakt"}]},{"@type":"WebSite","@id":"https:\/\/dgs-venner.dk\/#website","url":"https:\/\/dgs-venner.dk\/","name":"Den Gamle Skoles Venner","description":"Et samlingspunkt for Kirke V\u00e6rl\u00f8ses beboere","publisher":{"@id":"https:\/\/dgs-venner.dk\/#organization"},"potentialAction":[{"@type":"SearchAction","target":{"@type":"EntryPoint","urlTemplate":"https:\/\/dgs-venner.dk\/?s={search_term_string}"},"query-input":{"@type":"PropertyValueSpecification","valueRequired":true,"valueName":"search_term_string"}}],"inLanguage":"da-DK"},{"@type":"Organization","@id":"https:\/\/dgs-venner.dk\/#organization","name":"Den Gamle Skoles Venner","url":"https:\/\/dgs-venner.dk\/","logo":{"@type":"ImageObject","inLanguage":"da-DK","@id":"https:\/\/dgs-venner.dk\/#\/schema\/logo\/image\/","url":"https:\/\/dgs-venner.dk\/wp-content\/uploads\/2026\/01\/cropped-DGS-logo-1.png","contentUrl":"https:\/\/dgs-venner.dk\/wp-content\/uploads\/2026\/01\/cropped-DGS-logo-1.png","width":512,"height":512,"caption":"Den Gamle Skoles Venner"},"image":{"@id":"https:\/\/dgs-venner.dk\/#\/schema\/logo\/image\/"}}]}},"_links":{"self":[{"href":"https:\/\/dgs-venner.dk\/index.php?rest_route=\/wp\/v2\/pages\/9","targetHints":{"allow":["GET"]}}],"collection":[{"href":"https:\/\/dgs-venner.dk\/index.php?rest_route=\/wp\/v2\/pages"}],"about":[{"href":"https:\/\/dgs-venner.dk\/index.php?rest_route=\/wp\/v2\/types\/page"}],"author":[{"embeddable":true,"href":"https:\/\/dgs-venner.dk\/index.php?rest_route=\/wp\/v2\/users\/1"}],"replies":[{"embeddable":true,"href":"https:\/\/dgs-venner.dk\/index.php?rest_route=%2Fwp%2Fv2%2Fcomments&post=9"}],"version-history":[{"count":3,"href":"https:\/\/dgs-venner.dk\/index.php?rest_route=\/wp\/v2\/pages\/9\/revisions"}],"predecessor-version":[{"id":42,"href":"https:\/\/dgs-venner.dk\/index.php?rest_route=\/wp\/v2\/pages\/9\/revisions\/42"}],"wp:attachment":[{"href":"https:\/\/dgs-venner.dk\/index.php?rest_route=%2Fwp%2Fv2%2Fmedia&parent=9"}],"curies":[{"name":"wp","href":"https:\/\/api.w.org\/{rel}","templated":true}]}}